{"id":103,"date":"2022-12-23T12:14:54","date_gmt":"2022-12-23T12:14:54","guid":{"rendered":"https:\/\/satyajit-ray.de\/?page_id=103"},"modified":"2022-12-23T12:14:54","modified_gmt":"2022-12-23T12:14:54","slug":"impressum","status":"publish","type":"page","link":"https:\/\/satyajit-ray.de\/en\/impressum\/","title":{"rendered":"Impressum"},"content":{"rendered":"<p><strong>DFF \u2013 Deutsches Filminstitut &amp; Filmmuseum e.V.<br \/>\nSchaumainkai 41<br \/>\n60596 Frankfurt am Main<br \/>\nDeutschland<\/strong><\/p>\n<h4>Vertreten durch:<\/h4>\n<p>Ellen M. Harrington<br \/>\nAur\u00e9lio de Sousa<\/p>\n<h4>Kontakt:<\/h4>\n<p>Telefon: +49-69-961220 0<br \/>\nTelefax: +49-69-961220 999<br \/>\nE-Mail:\u00a0<a href=\"mailto:info@dff.film\">info@dff.film<\/a><\/p>\n<h4>Zust\u00e4ndiges Vereinsregister:<\/h4>\n<p>Amtsgericht Frankfurt am Main<br \/>\n\u2013 Registergericht \u2013<br \/>\nHeiligkreuzgasse 34<br \/>\n60313 Frankfurt am Main<br \/>\n\u2013 Gesch\u00e4ftsnummer: VR 7975 \u2013<\/p>\n<h4>Umsatzsteuer-Identifikationsnummer<\/h4>\n<p>gem\u00e4\u00df \u00a727 a Umsatzsteuergesetz:<br \/>\nDE 113 891 109<\/p>\n<h4>Verantwortlich f\u00fcr den Inhalt nach \u00a755 ABS. 2 RSTV:<\/h4>\n<p>Ellen M. Harrington<br \/>\nDFF \u2013 Deutsches Filminstitut &amp; Filmmuseum e.V.<br \/>\nSchaumainkai 41<br \/>\n60596 Frankfurt am Main<\/p>\n<div class=\"wpb_column vc_column_container vc_col-sm-8\">\n<div class=\"vc_column-inner\">\n<div class=\"wpb_wrapper\">\n<div class=\"wpb_text_column wpb_content_element \">\n<div class=\"wpb_wrapper\">\n<h3>Haftungsausschluss<\/h3>\n<h4>1. Haftung f\u00fcr Inhalte<\/h4>\n<p>Die Inhalte dieser Website werden mit gr\u00f6\u00dftm\u00f6glicher Sorgfalt erstellt. Der Anbieter \u00fcbernimmt jedoch keine Gew\u00e4hr f\u00fcr die Richtigkeit, Vollst\u00e4ndigkeit und Aktualit\u00e4t der bereitgestellten Inhalte. Die Nutzung der Inhalte der Website erfolgt auf eigene Gefahr des Nutzers. Namentlich gekennzeichnete Beitr\u00e4ge geben die Meinung des jeweiligen Autors und nicht immer die Meinung des Anbieters wieder. Mit der reinen Nutzung der Website des Anbieters kommt keinerlei Vertragsverh\u00e4ltnis zwischen dem Nutzer und dem Anbieter zustande.<\/p>\n<h4>2. Haftung f\u00fcr Links<\/h4>\n<p>Unser Angebot enth\u00e4lt Links zu externen Webseiten Dritter, auf deren Inhalte wir keinen Einfluss haben. Deshalb k\u00f6nnen wir f\u00fcr diese fremden Inhalte auch keine Gew\u00e4hr \u00fcbernehmen. F\u00fcr die Inhalte der verlinkten Seiten ist stets der jeweilige Anbieter oder Betreiber der Seiten verantwortlich. Die verlinkten Seiten wurden zum Zeitpunkt der Verlinkung auf m\u00f6gliche Rechtsverst\u00f6\u00dfe \u00fcberpr\u00fcft. Rechtswidrige Inhalte waren zum Zeitpunkt der Verlinkung nicht erkennbar. Eine permanente inhaltliche Kontrolle der verlinkten Seiten ist jedoch ohne konkrete Anhaltspunkte einer Rechtsverletzung nicht zumutbar. Bei Bekanntwerden von Rechtsverletzungen werden wir derartige Links umgehend entfernen.<\/p>\n<h4>3. Urheberrecht<\/h4>\n<p>Die durch die Seitenbetreiber erstellten Inhalte und Werke auf diesen Seiten unterliegen dem deutschen Urheberrecht. Die Vervielf\u00e4ltigung, Bearbeitung, Verbreitung und jede Art der Verwertung au\u00dferhalb der Grenzen des Urheberrechtes bed\u00fcrfen der schriftlichen Zustimmung des jeweiligen Autors bzw. Erstellers. Downloads und Kopien dieser Seite sind nur f\u00fcr den privaten, nicht kommerziellen Gebrauch gestattet. Soweit die Inhalte auf dieser Seite nicht vom Betreiber erstellt wurden, werden die Urheberrechte Dritter beachtet. Insbesondere werden Inhalte Dritter als solche gekennzeichnet. Sollten Sie trotzdem auf eine Urheberrechtsverletzung aufmerksam werden, bitten wir um einen entsprechenden Hinweis. Bei Bekanntwerden von Rechtsverletzungen werden wir derartige Inhalte umgehend entfernen.<\/p>\n<h4>4. Alternative Streitbeteiligung<\/h4>\n<p>Die Europ\u00e4ische Kommission stellt eine Plattform f\u00fcr die au\u00dfergerichtliche Online-Streitbeilegung (OS-Plattform) bereit, aufrufbar unter:\u00a0<a href=\"http:\/\/ec.europa.eu\/odr\">http:\/\/ec.europa.eu\/odr<\/a><\/p>\n<p>Wir sind nicht bereit, an Streitbeilegungsverfahren vor Verbraucherschlichtungsstellen teilzunehmen.<\/p>\n<\/div>\n<\/div>\n<\/div>\n<\/div>\n<\/div>\n","protected":false},"excerpt":{"rendered":"<p>DFF \u2013 Deutsches Filminstitut &amp; Filmmuseum e.V. Schaumainkai 41 60596 Frankfurt am Main Deutschland Vertreten durch: Ellen M. Harrington Aur\u00e9lio de Sousa Kontakt: Telefon: +49-69-961220 0 Telefax: +49-69-961220 999 E-Mail:\u00a0info@dff.film Zust\u00e4ndiges Vereinsregister: Amtsgericht Frankfurt am Main \u2013 Registergericht \u2013 Heiligkreuzgasse 34 60313 Frankfurt am Main \u2013 Gesch\u00e4ftsnummer: VR 7975 \u2013 Umsatzsteuer-Identifikationsnummer gem\u00e4\u00df \u00a727 a Umsatzsteuergesetz: [&hellip;]<\/p>\n","protected":false},"author":2,"featured_media":0,"parent":0,"menu_order":100,"comment_status":"closed","ping_status":"closed","template":"","meta":{"footnotes":""},"class_list":["post-103","page","type-page","status-publish","czr-hentry"],"yoast_head":"<!-- This site is optimized with the Yoast SEO plugin v27.2 - https:\/\/yoast.com\/product\/yoast-seo-wordpress\/ -->\n<title>Impressum - An Eye for the World: The Cinema of Satyajit Ray<\/title>\n<meta name=\"robots\" content=\"index, follow, max-snippet:-1, max-image-preview:large, max-video-preview:-1\" \/>\n<link rel=\"canonical\" href=\"https:\/\/satyajit-ray.de\/en\/impressum\/\" \/>\n<meta property=\"og:locale\" content=\"en_US\" \/>\n<meta property=\"og:type\" content=\"article\" \/>\n<meta property=\"og:title\" content=\"Impressum - An Eye for the World: The Cinema of Satyajit Ray\" \/>\n<meta property=\"og:description\" content=\"DFF \u2013 Deutsches Filminstitut &amp; Filmmuseum e.V. Schaumainkai 41 60596 Frankfurt am Main Deutschland Vertreten durch: Ellen M. Harrington Aur\u00e9lio de Sousa Kontakt: Telefon: +49-69-961220 0 Telefax: +49-69-961220 999 E-Mail:\u00a0info@dff.film Zust\u00e4ndiges Vereinsregister: Amtsgericht Frankfurt am Main \u2013 Registergericht \u2013 Heiligkreuzgasse 34 60313 Frankfurt am Main \u2013 Gesch\u00e4ftsnummer: VR 7975 \u2013 Umsatzsteuer-Identifikationsnummer gem\u00e4\u00df \u00a727 a Umsatzsteuergesetz: [&hellip;]\" \/>\n<meta property=\"og:url\" content=\"https:\/\/satyajit-ray.de\/en\/impressum\/\" \/>\n<meta property=\"og:site_name\" content=\"An Eye for the World: The Cinema of Satyajit Ray\" \/>\n<meta property=\"article:publisher\" content=\"https:\/\/www.facebook.com\/dff.film\" \/>\n<meta name=\"twitter:card\" content=\"summary_large_image\" \/>\n<meta name=\"twitter:site\" content=\"@dff_film\" \/>\n<meta name=\"twitter:label1\" content=\"Est. reading time\" \/>\n\t<meta name=\"twitter:data1\" content=\"2 minutes\" \/>\n<script type=\"application\/ld+json\" class=\"yoast-schema-graph\">{\"@context\":\"https:\/\/schema.org\",\"@graph\":[{\"@type\":\"WebPage\",\"@id\":\"https:\/\/satyajit-ray.de\/en\/impressum\/\",\"url\":\"https:\/\/satyajit-ray.de\/en\/impressum\/\",\"name\":\"Impressum - An Eye for the World: The Cinema of Satyajit Ray\",\"isPartOf\":{\"@id\":\"https:\/\/satyajit-ray.de\/en\/#website\"},\"datePublished\":\"2022-12-23T12:14:54+00:00\",\"breadcrumb\":{\"@id\":\"https:\/\/satyajit-ray.de\/en\/impressum\/#breadcrumb\"},\"inLanguage\":\"en-US\",\"potentialAction\":[{\"@type\":\"ReadAction\",\"target\":[\"https:\/\/satyajit-ray.de\/en\/impressum\/\"]}]},{\"@type\":\"BreadcrumbList\",\"@id\":\"https:\/\/satyajit-ray.de\/en\/impressum\/#breadcrumb\",\"itemListElement\":[{\"@type\":\"ListItem\",\"position\":1,\"name\":\"Startseite\",\"item\":\"https:\/\/satyajit-ray.de\/en\/lecture-film-luis-bunuel-kino-am-abgrund-der-moderne\/\"},{\"@type\":\"ListItem\",\"position\":2,\"name\":\"Impressum\"}]},{\"@type\":\"WebSite\",\"@id\":\"https:\/\/satyajit-ray.de\/en\/#website\",\"url\":\"https:\/\/satyajit-ray.de\/en\/\",\"name\":\"Ein Auge f\u00fcr die Welt: Die Filme von Satyajit Ray\",\"description\":\"In the lecture &amp; film series renowned specialists discuss the enduring legacy and significance of Ray in a post-globalization world.\",\"publisher\":{\"@id\":\"https:\/\/satyajit-ray.de\/en\/#organization\"},\"potentialAction\":[{\"@type\":\"SearchAction\",\"target\":{\"@type\":\"EntryPoint\",\"urlTemplate\":\"https:\/\/satyajit-ray.de\/en\/?s={search_term_string}\"},\"query-input\":{\"@type\":\"PropertyValueSpecification\",\"valueRequired\":true,\"valueName\":\"search_term_string\"}}],\"inLanguage\":\"en-US\"},{\"@type\":\"Organization\",\"@id\":\"https:\/\/satyajit-ray.de\/en\/#organization\",\"name\":\"Ein Auge f\u00fcr die Welt: Die Filme von Satyajit Ray\",\"url\":\"https:\/\/satyajit-ray.de\/en\/\",\"logo\":{\"@type\":\"ImageObject\",\"inLanguage\":\"en-US\",\"@id\":\"https:\/\/satyajit-ray.de\/en\/#\/schema\/logo\/image\/\",\"url\":\"https:\/\/satyajit-ray.de\/wp-content\/uploads\/2023\/10\/Ein-Auge-fuer-die-WeltDie-Filme-von-Satyajit-Ray-1920px-v2.png\",\"contentUrl\":\"https:\/\/satyajit-ray.de\/wp-content\/uploads\/2023\/10\/Ein-Auge-fuer-die-WeltDie-Filme-von-Satyajit-Ray-1920px-v2.png\",\"width\":1920,\"height\":344,\"caption\":\"Ein Auge f\u00fcr die Welt: Die Filme von Satyajit Ray\"},\"image\":{\"@id\":\"https:\/\/satyajit-ray.de\/en\/#\/schema\/logo\/image\/\"},\"sameAs\":[\"https:\/\/www.facebook.com\/dff.film\",\"https:\/\/x.com\/dff_film\",\"https:\/\/www.instagram.com\/dff.film\/\",\"https:\/\/www.youtube.com\/user\/deutschesfilmmuseum\"]}]}<\/script>\n<!-- \/ Yoast SEO plugin. -->","yoast_head_json":{"title":"Impressum - An Eye for the World: The Cinema of Satyajit Ray","robots":{"index":"index","follow":"follow","max-snippet":"max-snippet:-1","max-image-preview":"max-image-preview:large","max-video-preview":"max-video-preview:-1"},"canonical":"https:\/\/satyajit-ray.de\/en\/impressum\/","og_locale":"en_US","og_type":"article","og_title":"Impressum - An Eye for the World: The Cinema of Satyajit Ray","og_description":"DFF \u2013 Deutsches Filminstitut &amp; Filmmuseum e.V. Schaumainkai 41 60596 Frankfurt am Main Deutschland Vertreten durch: Ellen M. Harrington Aur\u00e9lio de Sousa Kontakt: Telefon: +49-69-961220 0 Telefax: +49-69-961220 999 E-Mail:\u00a0info@dff.film Zust\u00e4ndiges Vereinsregister: Amtsgericht Frankfurt am Main \u2013 Registergericht \u2013 Heiligkreuzgasse 34 60313 Frankfurt am Main \u2013 Gesch\u00e4ftsnummer: VR 7975 \u2013 Umsatzsteuer-Identifikationsnummer gem\u00e4\u00df \u00a727 a Umsatzsteuergesetz: [&hellip;]","og_url":"https:\/\/satyajit-ray.de\/en\/impressum\/","og_site_name":"An Eye for the World: The Cinema of Satyajit Ray","article_publisher":"https:\/\/www.facebook.com\/dff.film","twitter_card":"summary_large_image","twitter_site":"@dff_film","twitter_misc":{"Est. reading time":"2 minutes"},"schema":{"@context":"https:\/\/schema.org","@graph":[{"@type":"WebPage","@id":"https:\/\/satyajit-ray.de\/en\/impressum\/","url":"https:\/\/satyajit-ray.de\/en\/impressum\/","name":"Impressum - An Eye for the World: The Cinema of Satyajit Ray","isPartOf":{"@id":"https:\/\/satyajit-ray.de\/en\/#website"},"datePublished":"2022-12-23T12:14:54+00:00","breadcrumb":{"@id":"https:\/\/satyajit-ray.de\/en\/impressum\/#breadcrumb"},"inLanguage":"en-US","potentialAction":[{"@type":"ReadAction","target":["https:\/\/satyajit-ray.de\/en\/impressum\/"]}]},{"@type":"BreadcrumbList","@id":"https:\/\/satyajit-ray.de\/en\/impressum\/#breadcrumb","itemListElement":[{"@type":"ListItem","position":1,"name":"Startseite","item":"https:\/\/satyajit-ray.de\/en\/lecture-film-luis-bunuel-kino-am-abgrund-der-moderne\/"},{"@type":"ListItem","position":2,"name":"Impressum"}]},{"@type":"WebSite","@id":"https:\/\/satyajit-ray.de\/en\/#website","url":"https:\/\/satyajit-ray.de\/en\/","name":"Ein Auge f\u00fcr die Welt: Die Filme von Satyajit Ray","description":"In the lecture &amp; film series renowned specialists discuss the enduring legacy and significance of Ray in a post-globalization world.","publisher":{"@id":"https:\/\/satyajit-ray.de\/en\/#organization"},"potentialAction":[{"@type":"SearchAction","target":{"@type":"EntryPoint","urlTemplate":"https:\/\/satyajit-ray.de\/en\/?s={search_term_string}"},"query-input":{"@type":"PropertyValueSpecification","valueRequired":true,"valueName":"search_term_string"}}],"inLanguage":"en-US"},{"@type":"Organization","@id":"https:\/\/satyajit-ray.de\/en\/#organization","name":"Ein Auge f\u00fcr die Welt: Die Filme von Satyajit Ray","url":"https:\/\/satyajit-ray.de\/en\/","logo":{"@type":"ImageObject","inLanguage":"en-US","@id":"https:\/\/satyajit-ray.de\/en\/#\/schema\/logo\/image\/","url":"https:\/\/satyajit-ray.de\/wp-content\/uploads\/2023\/10\/Ein-Auge-fuer-die-WeltDie-Filme-von-Satyajit-Ray-1920px-v2.png","contentUrl":"https:\/\/satyajit-ray.de\/wp-content\/uploads\/2023\/10\/Ein-Auge-fuer-die-WeltDie-Filme-von-Satyajit-Ray-1920px-v2.png","width":1920,"height":344,"caption":"Ein Auge f\u00fcr die Welt: Die Filme von Satyajit Ray"},"image":{"@id":"https:\/\/satyajit-ray.de\/en\/#\/schema\/logo\/image\/"},"sameAs":["https:\/\/www.facebook.com\/dff.film","https:\/\/x.com\/dff_film","https:\/\/www.instagram.com\/dff.film\/","https:\/\/www.youtube.com\/user\/deutschesfilmmuseum"]}]}},"_links":{"self":[{"href":"https:\/\/satyajit-ray.de\/en\/wp-json\/wp\/v2\/pages\/103","targetHints":{"allow":["GET"]}}],"collection":[{"href":"https:\/\/satyajit-ray.de\/en\/wp-json\/wp\/v2\/pages"}],"about":[{"href":"https:\/\/satyajit-ray.de\/en\/wp-json\/wp\/v2\/types\/page"}],"author":[{"embeddable":true,"href":"https:\/\/satyajit-ray.de\/en\/wp-json\/wp\/v2\/users\/2"}],"replies":[{"embeddable":true,"href":"https:\/\/satyajit-ray.de\/en\/wp-json\/wp\/v2\/comments?post=103"}],"version-history":[{"count":1,"href":"https:\/\/satyajit-ray.de\/en\/wp-json\/wp\/v2\/pages\/103\/revisions"}],"predecessor-version":[{"id":104,"href":"https:\/\/satyajit-ray.de\/en\/wp-json\/wp\/v2\/pages\/103\/revisions\/104"}],"wp:attachment":[{"href":"https:\/\/satyajit-ray.de\/en\/wp-json\/wp\/v2\/media?parent=103"}],"curies":[{"name":"wp","href":"https:\/\/api.w.org\/{rel}","templated":true}]}}